{"id":198,"date":"2022-12-13T18:04:10","date_gmt":"2022-12-13T17:04:10","guid":{"rendered":"https:\/\/simpledigitalworld.com\/datenschutzerklaerung\/"},"modified":"2023-01-17T17:12:53","modified_gmt":"2023-01-17T16:12:53","slug":"datenschutzerklaerung","status":"publish","type":"page","link":"https:\/\/simpledigitalworld.com\/de\/datenschutzerklaerung\/","title":{"rendered":"Datenschutzerkl\u00e4rung"},"content":{"rendered":"<p>[et_pb_section fb_built=&#8220;1&#8243; admin_label=&#8220;Header&#8220; _builder_version=&#8220;4.16&#8243; custom_width_px__hover=&#8220;1080px&#8220; custom_width_px__hover_enabled=&#8220;1080px&#8220; custom_width_percent__hover=&#8220;80%&#8220; custom_width_percent__hover_enabled=&#8220;80%&#8220; locked=&#8220;off&#8220; global_colors_info=&#8220;{}&#8220; gutter_width__hover=&#8220;3&#8243; gutter_width__hover_enabled=&#8220;3&#8243; parallax_1__hover=&#8220;off&#8220; parallax_1__hover_enabled=&#8220;off&#8220; parallax_2__hover=&#8220;off&#8220; parallax_2__hover_enabled=&#8220;off&#8220; parallax_3__hover=&#8220;off&#8220; parallax_3__hover_enabled=&#8220;off&#8220; parallax_method_1__hover=&#8220;on&#8220; parallax_method_1__hover_enabled=&#8220;on&#8220; parallax_method_2__hover=&#8220;on&#8220; parallax_method_2__hover_enabled=&#8220;on&#8220; parallax_method_3__hover=&#8220;on&#8220; parallax_method_3__hover_enabled=&#8220;on&#8220; use_background_color_gradient__hover=&#8220;off&#8220; use_background_color_gradient__hover_enabled=&#8220;off&#8220; background_color_gradient_start__hover=&#8220;#2b87da&#8220; background_color_gradient_start__hover_enabled=&#8220;#2b87da&#8220; background_color_gradient_end__hover=&#8220;#29c4a9&#8243; background_color_gradient_end__hover_enabled=&#8220;#29c4a9&#8243; background_color_gradient_type__hover=&#8220;linear&#8220; background_color_gradient_type__hover_enabled=&#8220;linear&#8220; background_color_gradient_direction__hover=&#8220;180deg&#8220; background_color_gradient_direction__hover_enabled=&#8220;180deg&#8220; background_color_gradient_direction_radial__hover=&#8220;center&#8220; background_color_gradient_direction_radial__hover_enabled=&#8220;center&#8220; background_color_gradient_start_position__hover=&#8220;0%&#8220; background_color_gradient_start_position__hover_enabled=&#8220;0%&#8220; background_color_gradient_end_position__hover=&#8220;100%&#8220; background_color_gradient_end_position__hover_enabled=&#8220;100%&#8220; background_color_gradient_overlays_image__hover=&#8220;off&#8220; background_color_gradient_overlays_image__hover_enabled=&#8220;off&#8220; parallax__hover=&#8220;off&#8220; parallax__hover_enabled=&#8220;off&#8220; parallax_method__hover=&#8220;on&#8220; parallax_method__hover_enabled=&#8220;on&#8220; background_size__hover=&#8220;cover&#8220; background_size__hover_enabled=&#8220;cover&#8220; background_position__hover=&#8220;center&#8220; background_position__hover_enabled=&#8220;center&#8220; background_repeat__hover=&#8220;no-repeat&#8220; background_repeat__hover_enabled=&#8220;no-repeat&#8220; background_blend__hover=&#8220;normal&#8220; background_blend__hover_enabled=&#8220;normal&#8220; allow_player_pause__hover=&#8220;off&#8220; allow_player_pause__hover_enabled=&#8220;off&#8220; background_video_pause_outside_viewport__hover=&#8220;on&#8220; background_video_pause_outside_viewport__hover_enabled=&#8220;on&#8220; inner_shadow__hover=&#8220;off&#8220; inner_shadow__hover_enabled=&#8220;off&#8220; make_fullwidth__hover=&#8220;off&#8220; make_fullwidth__hover_enabled=&#8220;off&#8220; use_custom_width__hover=&#8220;off&#8220; use_custom_width__hover_enabled=&#8220;off&#8220; width_unit__hover=&#8220;on&#8220; width_unit__hover_enabled=&#8220;on&#8220; make_equal__hover=&#8220;off&#8220; make_equal__hover_enabled=&#8220;off&#8220; use_custom_gutter__hover=&#8220;off&#8220; use_custom_gutter__hover_enabled=&#8220;off&#8220; border_radii__hover=&#8220;on||||&#8220; border_radii__hover_enabled=&#8220;on||||&#8220; box_shadow_style__hover=&#8220;none&#8220; box_shadow_style__hover_enabled=&#8220;none&#8220; box_shadow_color__hover=&#8220;rgba(0,0,0,0.3)&#8220; box_shadow_color__hover_enabled=&#8220;rgba(0,0,0,0.3)&#8220; max_width__hover=&#8220;100%&#8220; max_width__hover_enabled=&#8220;100%&#8220; filter_hue_rotate__hover=&#8220;0deg&#8220; filter_hue_rotate__hover_enabled=&#8220;0deg&#8220; filter_saturate__hover=&#8220;100%&#8220; filter_saturate__hover_enabled=&#8220;100%&#8220; filter_brightness__hover=&#8220;100%&#8220; filter_brightness__hover_enabled=&#8220;100%&#8220; filter_contrast__hover=&#8220;100%&#8220; filter_contrast__hover_enabled=&#8220;100%&#8220; filter_invert__hover=&#8220;0%&#8220; filter_invert__hover_enabled=&#8220;0%&#8220; filter_sepia__hover=&#8220;0%&#8220; filter_sepia__hover_enabled=&#8220;0%&#8220; filter_opacity__hover=&#8220;100%&#8220; filter_opacity__hover_enabled=&#8220;100%&#8220; filter_blur__hover=&#8220;0px&#8220; filter_blur__hover_enabled=&#8220;0px&#8220; mix_blend_mode__hover=&#8220;normal&#8220; mix_blend_mode__hover_enabled=&#8220;normal&#8220; animation_style__hover=&#8220;none&#8220; animation_style__hover_enabled=&#8220;none&#8220; animation_repeat__hover=&#8220;once&#8220; animation_repeat__hover_enabled=&#8220;once&#8220; animation_direction__hover=&#8220;center&#8220; animation_direction__hover_enabled=&#8220;center&#8220; animation_duration__hover=&#8220;1000ms&#8220; animation_duration__hover_enabled=&#8220;1000ms&#8220; animation_delay__hover=&#8220;0ms&#8220; animation_delay__hover_enabled=&#8220;0ms&#8220; animation_intensity_slide__hover=&#8220;50%&#8220; animation_intensity_slide__hover_enabled=&#8220;50%&#8220; animation_intensity_zoom__hover=&#8220;50%&#8220; animation_intensity_zoom__hover_enabled=&#8220;50%&#8220; animation_intensity_flip__hover=&#8220;50%&#8220; animation_intensity_flip__hover_enabled=&#8220;50%&#8220; animation_intensity_fold__hover=&#8220;50%&#8220; animation_intensity_fold__hover_enabled=&#8220;50%&#8220; animation_intensity_roll__hover=&#8220;50%&#8220; animation_intensity_roll__hover_enabled=&#8220;50%&#8220; animation_starting_opacity__hover=&#8220;0%&#8220; animation_starting_opacity__hover_enabled=&#8220;0%&#8220; animation_speed_curve__hover=&#8220;ease-in-out&#8220; animation_speed_curve__hover_enabled=&#8220;ease-in-out&#8220; hover_transition_duration__hover=&#8220;300ms&#8220; hover_transition_duration__hover_enabled=&#8220;300ms&#8220; hover_transition_delay__hover=&#8220;0ms&#8220; hover_transition_delay__hover_enabled=&#8220;0ms&#8220; hover_transition_speed_curve__hover=&#8220;ease&#8220; hover_transition_speed_curve__hover_enabled=&#8220;ease&#8220; background_color_gradient_stops__hover=&#8220;#2b87da 0%|#29c4a9 100%&#8220;][et_pb_row column_structure=&#8220;3_5,2_5&#8243; use_custom_gutter=&#8220;on&#8220; gutter_width=&#8220;2&#8243; make_equal=&#8220;on&#8220; _builder_version=&#8220;4.19.4&#8243; use_custom_width=&#8220;on&#8220; custom_width_px=&#8220;1280px&#8220; locked=&#8220;off&#8220; global_colors_info=&#8220;{}&#8220;][et_pb_column type=&#8220;3_5&#8243; _builder_version=&#8220;4.16&#8243; custom_padding=&#8220;|||&#8220; global_colors_info=&#8220;{}&#8220; custom_padding__hover=&#8220;|||&#8220;][et_pb_text _builder_version=&#8220;4.19.4&#8243; text_font=&#8220;||||||||&#8220; ul_font=&#8220;||||||||&#8220; ol_font=&#8220;||||||||&#8220; header_font=&#8220;|700|||||||&#8220; header_font_size=&#8220;55px&#8220; header_line_height=&#8220;1.3em&#8220; header_3_font=&#8220;||||||||&#8220; header_4_font=&#8220;||||||||&#8220; header_5_font=&#8220;||||||||&#8220; header_6_font=&#8220;||||||||&#8220; custom_padding=&#8220;||10px&#8220; header_font_size_tablet=&#8220;40px&#8220; header_font_size_phone=&#8220;30px&#8220; header_font_size_last_edited=&#8220;on|phone&#8220; border_color_all=&#8220;#1a0a38&#8243; border_width_bottom=&#8220;4px&#8220; global_colors_info=&#8220;{}&#8220; header_2_font_size__hover=&#8220;26px&#8220; header_2_font_size__hover_enabled=&#8220;26px&#8220; header_2_letter_spacing__hover=&#8220;0px&#8220; header_2_letter_spacing__hover_enabled=&#8220;0px&#8220; header_2_line_height__hover=&#8220;1em&#8220; header_2_line_height__hover_enabled=&#8220;1em&#8220; header_2_text_shadow_style__hover=&#8220;none&#8220; header_2_text_shadow_style__hover_enabled=&#8220;none&#8220; header_2_text_shadow_color__hover=&#8220;rgba(0,0,0,0.4)&#8220; header_2_text_shadow_color__hover_enabled=&#8220;rgba(0,0,0,0.4)&#8220;]<\/p>\n<p>Impressum<\/p>\n<p>&nbsp;<\/p>\n<p>[\/et_pb_text][\/et_pb_column][et_pb_column type=&#8220;2_5&#8243; _builder_version=&#8220;4.16&#8243; custom_padding=&#8220;20px|||&#8220; custom_padding_tablet=&#8220;0px||&#8220; custom_padding_phone=&#8220;0px||&#8220; custom_padding_last_edited=&#8220;on|tablet&#8220; global_colors_info=&#8220;{}&#8220; padding_tablet=&#8220;0px||&#8220; padding_last_edited=&#8220;on|tablet&#8220; custom_padding__hover=&#8220;|||&#8220; padding_phone=&#8220;0px||&#8220;][\/et_pb_column][\/et_pb_row][et_pb_row _builder_version=&#8220;4.19.4&#8243; _module_preset=&#8220;default&#8220; global_colors_info=&#8220;{}&#8220;][et_pb_column type=&#8220;4_4&#8243; _builder_version=&#8220;4.19.4&#8243; _module_preset=&#8220;default&#8220; global_colors_info=&#8220;{}&#8220;][et_pb_text ul_item_indent=&#8220;4vw&#8220; ol_item_indent=&#8220;10vw&#8220; _builder_version=&#8220;4.19.4&#8243; _module_preset=&#8220;default&#8220; module_alignment=&#8220;center&#8220; global_colors_info=&#8220;{}&#8220;]<\/p>\n<p>Datenschutzbestimmungen<br \/>Zuletzt aktualisiert am 20-Dez-2022<br \/>Datum des Inkrafttretens 19-Dez-2022<br \/>Diese Datenschutzrichtlinie beschreibt die Richtlinien von<\/p>\n<p>Nico Wei\u00df Kairon,<br \/>S\u00fcdring 25,<br \/>91230,<br \/>Deutschland,<br \/>E-Mail: office@simpledigitalworld.com,<br \/>Telefon: 091517376298<\/p>\n<p>\u00fcber die Erhebung,<br \/>Verwendung und Weitergabe Ihrer Daten, die wir bei der<br \/>wenn Sie unsere Website ( https:\/\/simpledigitalworld.com\/ ) nutzen.<br \/>(der &#8222;Dienst&#8220;). Durch den Zugriff auf oder die Nutzung von<br \/>den<br \/>Dienstes stimmen Sie der Erfassung, Verwendung und Weitergabe<br \/>Offenlegung Ihrer Informationen in \u00dcbereinstimmung mit dieser<br \/>Datenschutzrichtlinie. Wenn Sie damit nicht einverstanden sind,<br \/>greifen Sie bitte nicht auf den Dienst zu und nutzen Sie ihn nicht.<\/p>\n<p>Wir k\u00f6nnen diese Datenschutzrichtlinie jederzeit und ohne<br \/>ohne vorherige Mitteilung an Sie \u00e4ndern und werden die \u00fcberarbeitete<br \/>Datenschutzrichtlinie auf dem Dienst ver\u00f6ffentlichen. Die \u00fcberarbeitete Richtlinie wird<br \/>180 Tage ab dem Zeitpunkt in Kraft, an dem die<br \/>ge\u00e4nderte Richtlinie im Dienst ver\u00f6ffentlicht wird, und Ihr<br \/>Ihr fortgesetzter Zugang oder Ihre Nutzung des Dienstes nach diesem Zeitpunkt<br \/>akzeptieren Sie die \u00fcberarbeitete Datenschutzrichtlinie.<br \/>Richtlinie. Wir empfehlen daher, dass Sie diese Seite in regelm\u00e4\u00dfigen Abst\u00e4nden<br \/>diese Seite zu \u00fcberpr\u00fcfen.<\/p>\n<p>Von uns gesammelte Informationen:<br \/>Wir sammeln und verarbeiten die folgenden Informationen<br \/>pers\u00f6nliche Informationen \u00fcber Sie:<\/p>\n<p>Name<br \/>E-Mail<br \/>Wie wir Ihre Informationen verwenden:<br \/>Wir verwenden die Informationen, die wir \u00fcber Sie sammeln<br \/>\u00fcber Sie f\u00fcr die folgenden Zwecke verwenden:<\/p>\n<p>Marketing\/Werbung<br \/>Unterst\u00fctzung<br \/>Gezielte Werbung<br \/>Kommentare von Benutzer zu Benutzer<br \/>Wenn wir Ihre Daten f\u00fcr einen anderen Zweck verwenden wollen<br \/>Zweck verwenden m\u00f6chten, werden wir Sie um Ihre Zustimmung bitten und<br \/>Ihre Informationen nur nach Erhalt Ihrer<br \/>und dann nur f\u00fcr den\/die Zweck(e), f\u00fcr den\/die<br \/>Zwecke verwenden, es sei denn, wir sind zu etwas<br \/>anderweitig gesetzlich verpflichtet.<\/p>\n<p>Wie wir Ihre Informationen weitergeben:<br \/>Wir werden Ihre pers\u00f6nlichen Daten nicht an Dritte weitergeben<br \/>an Dritte weitergeben, ohne Ihre Zustimmung einzuholen,<br \/>au\u00dfer unter den nachfolgend beschriebenen begrenzten Umst\u00e4nden<br \/>unten beschrieben:<\/p>\n<p>Werbedienst<br \/>Analytik<br \/>Wir verlangen von diesen Dritten, dass sie die<br \/>pers\u00f6nlichen Informationen, die wir an sie weitergeben, nur<br \/>f\u00fcr den Zweck, f\u00fcr den sie \u00fcbermittelt wurden, und<br \/>sie nicht l\u00e4nger aufzubewahren, als es f\u00fcr die Erf\u00fcllung<br \/>Erf\u00fcllung des besagten Zwecks erforderlich ist.<\/p>\n<p>Wir k\u00f6nnen Ihre personenbezogenen Daten auch weitergeben<br \/>f\u00fcr die folgenden Zwecke: (1) zur Einhaltung von anwendbaren<br \/>Gesetzen, Vorschriften, Gerichtsbeschl\u00fcssen oder anderen<br \/>(2) um Ihre Vereinbarungen mit uns durchzusetzen,<br \/>einschlie\u00dflich dieser Datenschutzrichtlinie; oder (3) um auf<br \/>zu reagieren, dass Ihre Nutzung des Dienstes die Rechte<br \/>Rechte Dritter verletzt. Wenn der Dienst oder unser<br \/>Unternehmen mit einem anderen Unternehmen fusioniert oder erworben<br \/>Unternehmen fusioniert oder \u00fcbernommen wird, geh\u00f6ren Ihre Informationen zu den<br \/>Verm\u00f6genswerte, die auf den neuen Eigent\u00fcmer \u00fcbertragen werden.<\/p>\n<p>Aufbewahrung Ihrer Informationen:<br \/>Wir werden Ihre pers\u00f6nlichen Informationen bei uns aufbewahren<br \/>f\u00fcr<br \/>90 Tage bis 2 Jahre nach Beendigung des Benutzerkontos<br \/>oder so lange<br \/>solange wir sie ben\u00f6tigen, um die Zwecke zu erf\u00fcllen<br \/>Zwecke, f\u00fcr die sie gesammelt wurden, wie in dieser<br \/>Datenschutzrichtlinie. Unter Umst\u00e4nden m\u00fcssen wir bestimmte<br \/>Informationen f\u00fcr l\u00e4ngere Zeitr\u00e4ume aufbewahren, wie zum Beispiel<br \/>Aufbewahrung von Aufzeichnungen\/Berichten in \u00dcbereinstimmung mit<br \/>geltendem Recht oder aus anderen legitimen Gr\u00fcnden<br \/>wie Durchsetzung gesetzlicher Rechte, Betrugs<br \/>Betrugspr\u00e4vention, etc. Anonyme Restinformationen<br \/>und aggregierte Informationen, die Sie nicht<br \/>Sie (direkt oder indirekt) identifiziert, k\u00f6nnen<br \/>auf unbestimmte Zeit gespeichert werden.<\/p>\n<p>Ihre Rechte:<br \/>Je nach geltendem Recht haben Sie unter Umst\u00e4nden<br \/>ein Recht auf Zugang und Berichtigung oder L\u00f6schung Ihrer<br \/>oder eine Kopie Ihrer personenbezogenen Daten zu erhalten<br \/>Daten, die Einschr\u00e4nkung oder den Widerspruch gegen die aktive<br \/>Verarbeitung Ihrer Daten einzuschr\u00e4nken oder zu widersprechen, uns zu bitten, Ihre<br \/>Ihre pers\u00f6nlichen Daten an eine andere Stelle weiterzugeben,<br \/>die von Ihnen erteilte Zustimmung zur<br \/>Verarbeitung Ihrer Daten, das Recht, eine Beschwerde<br \/>bei einer gesetzlichen Beh\u00f6rde und andere Rechte<br \/>die nach geltendem Recht relevant sein k\u00f6nnen. Um<br \/>diese Rechte auszu\u00fcben, k\u00f6nnen Sie sich schriftlich an uns wenden unter<br \/>office@simpledigitalworld.com.<br \/>Wir werden auf Ihre<br \/>Anfrage in \u00dcbereinstimmung mit dem geltenden Recht beantworten.<\/p>\n<p>Sie k\u00f6nnen sich gegen Direktmarketing<br \/>oder der Profilerstellung f\u00fcr Marketingzwecke<br \/>Marketingzwecken durchf\u00fchren, indem Sie uns schreiben an<br \/>office@simpledigitalworld.com.<\/p>\n<p>Bitte beachten Sie, dass Sie, wenn Sie uns nicht erlauben<br \/>die erforderlichen personenbezogenen Daten zu erheben oder zu verarbeiten oder<br \/>die Zustimmung zur Verarbeitung f\u00fcr die erforderlichen<br \/>Zwecke zu verarbeiten, k\u00f6nnen Sie m\u00f6glicherweise nicht auf die<br \/>die Dienste, f\u00fcr die Ihre Informationen angefordert wurden<br \/>angefordert wurden.<\/p>\n<p>Cookies usw.<br \/>Um mehr dar\u00fcber zu erfahren, wie wir diese verwenden<br \/>und Ihre Wahlm\u00f6glichkeiten in Bezug auf diese Tracking<br \/>Technologien zu erfahren, lesen Sie bitte unsere<br \/>Cookie-Richtlinie.<\/p>\n<p>Sicherheit:<br \/>Die Sicherheit Ihrer Daten ist f\u00fcr uns wichtig<br \/>und wir werden angemessene Sicherheitsma\u00dfnahmen ergreifen<br \/>um den Verlust, den Missbrauch oder die unbefugte<br \/>unbefugte \u00c4nderung Ihrer Daten unter unserer<br \/>Kontrolle. Angesichts der inh\u00e4renten Risiken k\u00f6nnen wir jedoch<br \/>keine absolute Sicherheit garantieren und<br \/>k\u00f6nnen wir die Sicherheit der von Ihnen \u00fcbermittelten<br \/>Sicherheit der von Ihnen an uns \u00fcbermittelten Informationen<br \/>und Sie tun dies auf eigenes Risiko.<\/p>\n<p>Links zu Dritten und Verwendung Ihrer Informationen:<br \/>Unser Service kann Links zu anderen Websites enthalten<br \/>die nicht von uns betrieben werden. Diese Datenschutzrichtlinie<br \/>befasst sich nicht mit den Datenschutzrichtlinien und anderen<br \/>Praktiken von Dritten, einschlie\u00dflich von<br \/>Dritter, die eine Website oder einen Dienst betreiben<br \/>die \u00fcber einen Link im Service zug\u00e4nglich sind.<br \/>Dienst. Wir empfehlen Ihnen dringend, die<br \/>Datenschutzrichtlinie jeder von Ihnen besuchten Website zu lesen. Wir haben<br \/>keine Kontrolle \u00fcber und \u00fcbernehmen keine Verantwortung f\u00fcr<br \/>den Inhalt, die Datenschutzrichtlinien oder Praktiken von<br \/>Websites oder Dienste Dritter.<\/p>\n<p>Beschwerde\/Datenschutzbeauftragter:<br \/>Wenn Sie Fragen oder Bedenken haben \u00fcber die<br \/>Verarbeitung Ihrer bei uns vorhandenen Informationen<br \/>haben, k\u00f6nnen Sie sich per E-Mail an unseren Beschwerdemanager wenden<br \/>Nico Wei\u00df Kairon,<br \/>S\u00fcdring 25,<br \/>E-Mail: office@simpledigitalworld.com.<br \/>Wir werden Ihre Bedenken in \u00dcbereinstimmung mit dem geltenden Recht behandeln.<\/p>\n<p>Datenschutzrichtlinie erstellt mit CookieYes.<\/p>\n<p>[\/et_pb_text][\/et_pb_column][\/et_pb_row][\/et_pb_section]<\/p>\n\n\n<div id=\"aal_api_data\" data-divnumber=\"1085\" data-target=\"_blank\" data-relation=\"sponsored\" data-postid=\"post-198\" data-apikey=\"tTKCPzPklEejtswl\" data-clickbankid=\"\" data-clickbankcat=\"\" data-clickbankgravity=\"0\"  data-amazonid=\"\" data-amazoncat=\"\" data-amazonlocal=\"\" data-amazondisplaylinks=\"\" data-amazondisplaywidget=\"\" data-amazonactive=\"1\" data-clickbankactive=\"0\"  data-shareasaleid=\"\"   data-shareasaleactive=\"0\" data-cjactive=\"0\"  data-ebayactive=\"0\"  data-ebayid=\"\"   data-bestbuyactive=\"0\"  data-bestbuyid=\"\" data-walmartactive=\"0\"  data-walmartid=\"\" data-envatoid=\"\" data-envatosite=\"\" data-envatoactive=\"0\" data-rakutenactive=\"\"  data-rakutenid=\"\" data-discoveryjapanactive=\"0\"  data-discoveryjapanid=\"\" data-discoveryjapanapikey=\"\" data-aurl=\"https:\/\/simpledigitalworld.com\/de\/datenschutzerklaerung\/\" data-notimes=\"4\" data-excludewords=\"\" data-cssclass=\"\" data-disclosure=\"\" data-linkcolor=\"\" data-geminiaion=\"\"  data-apidata='' ><\/div>\n\n\t\t\n\t\t<div id=\"aalcontent_1085\"><\/div> ","protected":false},"excerpt":{"rendered":"<p>Impressum &nbsp;DatenschutzbestimmungenZuletzt aktualisiert am 20-Dez-2022Datum des Inkrafttretens 19-Dez-2022Diese Datenschutzrichtlinie beschreibt die Richtlinien von Nico Wei\u00df Kairon,S\u00fcdring 25,91230,Deutschland,E-Mail: office@simpledigitalworld.com,Telefon: 091517376298 \u00fcber die Erhebung,Verwendung und Weitergabe Ihrer Daten, die wir bei derwenn Sie unsere Website ( https:\/\/simpledigitalworld.com\/ ) nutzen.(der &#8222;Dienst&#8220;). Durch den Zugriff auf oder die Nutzung vondenDienstes stimmen Sie der Erfassung, Verwendung und WeitergabeOffenlegung Ihrer Informationen [&hellip;]<\/p>\n","protected":false},"author":1,"featured_media":0,"parent":0,"menu_order":0,"comment_status":"closed","ping_status":"open","template":"","meta":{"_et_pb_use_builder":"on","_et_pb_old_content":"<!-- wp:heading -->\r\n<h2>Who we are<\/h2>\r\n<!-- \/wp:heading --><!-- wp:paragraph -->\r\n<p><strong class=\"privacy-policy-tutorial\">Suggested text: <\/strong>Our website address is: http:\/\/simpledigitalworld.com.<\/p>\r\n<!-- \/wp:paragraph --><!-- wp:heading -->\r\n<h2>Comments<\/h2>\r\n<!-- \/wp:heading --><!-- wp:paragraph -->\r\n<p><strong class=\"privacy-policy-tutorial\">Suggested text: <\/strong>When visitors leave comments on the site we collect the data shown in the comments form, and also the visitor\u2019s IP address and browser user agent string to help spam detection.<\/p>\r\n<!-- \/wp:paragraph --><!-- wp:paragraph -->\r\n<p>An anonymized string created from your email address (also called a hash) may be provided to the Gravatar service to see if you are using it. The Gravatar service privacy policy is available here: https:\/\/automattic.com\/privacy\/. After approval of your comment, your profile picture is visible to the public in the context of your comment.<\/p>\r\n<!-- \/wp:paragraph --><!-- wp:heading -->\r\n<h2>Media<\/h2>\r\n<!-- \/wp:heading --><!-- wp:paragraph -->\r\n<p><strong class=\"privacy-policy-tutorial\">Suggested text: <\/strong>If you upload images to the website, you should avoid uploading images with embedded location data (EXIF GPS) included. Visitors to the website can download and extract any location data from images on the website.<\/p>\r\n<!-- \/wp:paragraph --><!-- wp:heading -->\r\n<h2>Cookies<\/h2>\r\n<!-- \/wp:heading --><!-- wp:paragraph -->\r\n<p><strong class=\"privacy-policy-tutorial\">Suggested text: <\/strong>If you leave a comment on our site you may opt-in to saving your name, email address and website in cookies. These are for your convenience so that you do not have to fill in your details again when you leave another comment. These cookies will last for one year.<\/p>\r\n<!-- \/wp:paragraph --><!-- wp:paragraph -->\r\n<p>If you visit our login page, we will set a temporary cookie to determine if your browser accepts cookies. This cookie contains no personal data and is discarded when you close your browser.<\/p>\r\n<!-- \/wp:paragraph --><!-- wp:paragraph -->\r\n<p>When you log in, we will also set up several cookies to save your login information and your screen display choices. Login cookies last for two days, and screen options cookies last for a year. If you select \"Remember Me\", your login will persist for two weeks. If you log out of your account, the login cookies will be removed.<\/p>\r\n<!-- \/wp:paragraph --><!-- wp:paragraph -->\r\n<p>If you edit or publish an article, an additional cookie will be saved in your browser. This cookie includes no personal data and simply indicates the post ID of the article you just edited. It expires after 1 day.<\/p>\r\n<!-- \/wp:paragraph --><!-- wp:heading -->\r\n<h2>Embedded content from other websites<\/h2>\r\n<!-- \/wp:heading --><!-- wp:paragraph -->\r\n<p><strong class=\"privacy-policy-tutorial\">Suggested text: <\/strong>Articles on this site may include embedded content (e.g. videos, images, articles, etc.). Embedded content from other websites behaves in the exact same way as if the visitor has visited the other website.<\/p>\r\n<!-- \/wp:paragraph --><!-- wp:paragraph -->\r\n<p>These websites may collect data about you, use cookies, embed additional third-party tracking, and monitor your interaction with that embedded content, including tracking your interaction with the embedded content if you have an account and are logged in to that website.<\/p>\r\n<!-- \/wp:paragraph --><!-- wp:heading -->\r\n<h2>Who we share your data with<\/h2>\r\n<!-- \/wp:heading --><!-- wp:paragraph -->\r\n<p><strong class=\"privacy-policy-tutorial\">Suggested text: <\/strong>If you request a password reset, your IP address will be included in the reset email.<\/p>\r\n<!-- \/wp:paragraph --><!-- wp:heading -->\r\n<h2>How long we retain your data<\/h2>\r\n<!-- \/wp:heading --><!-- wp:paragraph -->\r\n<p><strong class=\"privacy-policy-tutorial\">Suggested text: <\/strong>If you leave a comment, the comment and its metadata are retained indefinitely. This is so we can recognize and approve any follow-up comments automatically instead of holding them in a moderation queue.<\/p>\r\n<!-- \/wp:paragraph --><!-- wp:paragraph -->\r\n<p>For users that register on our website (if any), we also store the personal information they provide in their user profile. All users can see, edit, or delete their personal information at any time (except they cannot change their username). Website administrators can also see and edit that information.<\/p>\r\n<!-- \/wp:paragraph --><!-- wp:heading -->\r\n<h2>What rights you have over your data<\/h2>\r\n<!-- \/wp:heading --><!-- wp:paragraph -->\r\n<p><strong class=\"privacy-policy-tutorial\">Suggested text: <\/strong>If you have an account on this site, or have left comments, you can request to receive an exported file of the personal data we hold about you, including any data you have provided to us. You can also request that we erase any personal data we hold about you. This does not include any data we are obliged to keep for administrative, legal, or security purposes.<\/p>\r\n<!-- \/wp:paragraph --><!-- wp:heading -->\r\n<h2>Where your data is sent<\/h2>\r\n<!-- \/wp:heading --><!-- wp:paragraph -->\r\n<p><strong class=\"privacy-policy-tutorial\">Suggested text: <\/strong>Visitor comments may be checked through an automated spam detection service.<\/p>\r\n<!-- \/wp:paragraph -->\r\n<p>\u00a0<\/p>","_et_gb_content_width":"","footnotes":""},"ppma_author":[61],"class_list":["post-198","page","type-page","status-publish","hentry"],"_links":{"self":[{"href":"https:\/\/simpledigitalworld.com\/de\/wp-json\/wp\/v2\/pages\/198","targetHints":{"allow":["GET"]}}],"collection":[{"href":"https:\/\/simpledigitalworld.com\/de\/wp-json\/wp\/v2\/pages"}],"about":[{"href":"https:\/\/simpledigitalworld.com\/de\/wp-json\/wp\/v2\/types\/page"}],"author":[{"embeddable":true,"href":"https:\/\/simpledigitalworld.com\/de\/wp-json\/wp\/v2\/users\/1"}],"replies":[{"embeddable":true,"href":"https:\/\/simpledigitalworld.com\/de\/wp-json\/wp\/v2\/comments?post=198"}],"version-history":[{"count":10,"href":"https:\/\/simpledigitalworld.com\/de\/wp-json\/wp\/v2\/pages\/198\/revisions"}],"predecessor-version":[{"id":586,"href":"https:\/\/simpledigitalworld.com\/de\/wp-json\/wp\/v2\/pages\/198\/revisions\/586"}],"wp:attachment":[{"href":"https:\/\/simpledigitalworld.com\/de\/wp-json\/wp\/v2\/media?parent=198"}],"wp:term":[{"taxonomy":"author","embeddable":true,"href":"https:\/\/simpledigitalworld.com\/de\/wp-json\/wp\/v2\/ppma_author?post=198"}],"curies":[{"name":"wp","href":"https:\/\/api.w.org\/{rel}","templated":true}]}}